{"id":25482,"date":"2021-09-29T11:15:26","date_gmt":"2021-09-29T11:15:26","guid":{"rendered":"https:\/\/medcity.hu\/webshop\/?post_type=product&#038;p=25482"},"modified":"2021-09-29T11:15:54","modified_gmt":"2021-09-29T11:15:54","slug":"ajandekkartya-200-000-ft","status":"publish","type":"product","link":"https:\/\/medcity.hu\/webshop\/product\/ajandekkartya-200-000-ft\/","title":{"rendered":"Aj\u00e1nd\u00e9kk\u00e1rtya 200.000 Ft"},"content":{"rendered":"","protected":false},"excerpt":{"rendered":"","protected":false},"featured_media":25483,"comment_status":"closed","ping_status":"closed","template":"","meta":{"cybocfi_hide_featured_image":""},"product_cat":[93],"product_tag":[],"_links":{"self":[{"href":"https:\/\/medcity.hu\/webshop\/wp-json\/wp\/v2\/product\/25482"}],"collection":[{"href":"https:\/\/medcity.hu\/webshop\/wp-json\/wp\/v2\/product"}],"about":[{"href":"https:\/\/medcity.hu\/webshop\/wp-json\/wp\/v2\/types\/product"}],"replies":[{"embeddable":true,"href":"https:\/\/medcity.hu\/webshop\/wp-json\/wp\/v2\/comments?post=25482"}],"wp:featuredmedia":[{"embeddable":true,"href":"https:\/\/medcity.hu\/webshop\/wp-json\/wp\/v2\/media\/25483"}],"wp:attachment":[{"href":"https:\/\/medcity.hu\/webshop\/wp-json\/wp\/v2\/media?parent=25482"}],"wp:term":[{"taxonomy":"product_cat","embeddable":true,"href":"https:\/\/medcity.hu\/webshop\/wp-json\/wp\/v2\/product_cat?post=25482"},{"taxonomy":"product_tag","embeddable":true,"href":"https:\/\/medcity.hu\/webshop\/wp-json\/wp\/v2\/product_tag?post=25482"}],"curies":[{"name":"wp","href":"https:\/\/api.w.org\/{rel}","templated":true}]}}