{"id":25479,"date":"2021-09-29T11:20:34","date_gmt":"2021-09-29T11:20:34","guid":{"rendered":"https:\/\/medcity.hu\/webshop\/?post_type=product&#038;p=25479"},"modified":"2021-09-29T11:19:26","modified_gmt":"2021-09-29T11:19:26","slug":"ajandekkartya-30-000-ft","status":"publish","type":"product","link":"https:\/\/medcity.hu\/webshop\/product\/ajandekkartya-30-000-ft\/","title":{"rendered":"Aj\u00e1nd\u00e9kk\u00e1rtya 30.000 Ft"},"content":{"rendered":"","protected":false},"excerpt":{"rendered":"","protected":false},"featured_media":25480,"comment_status":"closed","ping_status":"closed","template":"","meta":{"cybocfi_hide_featured_image":""},"product_cat":[93],"product_tag":[],"_links":{"self":[{"href":"https:\/\/medcity.hu\/webshop\/wp-json\/wp\/v2\/product\/25479"}],"collection":[{"href":"https:\/\/medcity.hu\/webshop\/wp-json\/wp\/v2\/product"}],"about":[{"href":"https:\/\/medcity.hu\/webshop\/wp-json\/wp\/v2\/types\/product"}],"replies":[{"embeddable":true,"href":"https:\/\/medcity.hu\/webshop\/wp-json\/wp\/v2\/comments?post=25479"}],"wp:featuredmedia":[{"embeddable":true,"href":"https:\/\/medcity.hu\/webshop\/wp-json\/wp\/v2\/media\/25480"}],"wp:attachment":[{"href":"https:\/\/medcity.hu\/webshop\/wp-json\/wp\/v2\/media?parent=25479"}],"wp:term":[{"taxonomy":"product_cat","embeddable":true,"href":"https:\/\/medcity.hu\/webshop\/wp-json\/wp\/v2\/product_cat?post=25479"},{"taxonomy":"product_tag","embeddable":true,"href":"https:\/\/medcity.hu\/webshop\/wp-json\/wp\/v2\/product_tag?post=25479"}],"curies":[{"name":"wp","href":"https:\/\/api.w.org\/{rel}","templated":true}]}}