{"id":25467,"date":"2021-08-31T08:27:21","date_gmt":"2021-08-31T08:27:21","guid":{"rendered":"https:\/\/medcity.hu\/webshop\/?post_type=product&#038;p=25467"},"modified":"2025-12-29T12:34:27","modified_gmt":"2025-12-29T12:34:27","slug":"receptiras","status":"publish","type":"product","link":"https:\/\/medcity.hu\/webshop\/product\/receptiras\/","title":{"rendered":"Recept\u00edr\u00e1s"},"content":{"rendered":"","protected":false},"excerpt":{"rendered":"<p>A szakorvosunk \u00e1ltal m\u00e1r kor\u00e1bban fel\u00edrt gy\u00f3gyszereinek receptj\u00e9\u00e9rt nem kell t\u00f6bb\u00e9 szem\u00e9lyesen bef\u00e1radnia hozz\u00e1nk, \u00fcgy\u00e9t t\u00e1volr\u00f3l is int\u00e9zheti a k\u00f6vetkez\u0151 m\u00f3don:<\/p>\n<ol>\n<li style=\"list-style-type: none;\">\n<ol>\n<li>K\u00e9rj\u00fck, hogy \u00dcgyf\u00e9lszolg\u00e1lati el\u00e9rhet\u0151s\u00e9geinken kereszt\u00fcl jelezze ig\u00e9ny\u00e9t a recept(ek)re.<\/li>\n<li>Munkat\u00e1rsaink meger\u0151s\u00edt\u00e9s\u00e9t k\u00f6vet\u0151en (amennyiben k\u00e9r\u00e9s\u00e9nek nincs orvosi ellenjavallata) a MEDCITY Webshopj\u00e1ban v\u00e1s\u00e1rolja meg a Recept\u00edr\u00e1s szolg\u00e1ltat\u00e1st.<\/li>\n<li>Rendel\u00e9si id\u0151ben szakorvosunk ki\u00edrja az E-receptet \u00e9s felt\u00f6lti egy k\u00f6zponti online eg\u00e9szs\u00e9g\u00fcgyi adatb\u00e1zisba (EESZT).<\/li>\n<li>Az E-recepthez b\u00e1rmely gy\u00f3gyszert\u00e1r online hozz\u00e1f\u00e9r, \u00edgy \u00d6n kiv\u00e1lthatja a gy\u00f3gyszerekeit az \u00d6nh\u00f6z legk\u00f6zelebbi patik\u00e1ban.<\/li>\n<\/ol>\n<\/li>\n<\/ol>\n","protected":false},"featured_media":26249,"comment_status":"closed","ping_status":"closed","template":"","meta":{"cybocfi_hide_featured_image":""},"product_cat":[92],"product_tag":[],"_links":{"self":[{"href":"https:\/\/medcity.hu\/webshop\/wp-json\/wp\/v2\/product\/25467"}],"collection":[{"href":"https:\/\/medcity.hu\/webshop\/wp-json\/wp\/v2\/product"}],"about":[{"href":"https:\/\/medcity.hu\/webshop\/wp-json\/wp\/v2\/types\/product"}],"replies":[{"embeddable":true,"href":"https:\/\/medcity.hu\/webshop\/wp-json\/wp\/v2\/comments?post=25467"}],"wp:featuredmedia":[{"embeddable":true,"href":"https:\/\/medcity.hu\/webshop\/wp-json\/wp\/v2\/media\/26249"}],"wp:attachment":[{"href":"https:\/\/medcity.hu\/webshop\/wp-json\/wp\/v2\/media?parent=25467"}],"wp:term":[{"taxonomy":"product_cat","embeddable":true,"href":"https:\/\/medcity.hu\/webshop\/wp-json\/wp\/v2\/product_cat?post=25467"},{"taxonomy":"product_tag","embeddable":true,"href":"https:\/\/medcity.hu\/webshop\/wp-json\/wp\/v2\/product_tag?post=25467"}],"curies":[{"name":"wp","href":"https:\/\/api.w.org\/{rel}","templated":true}]}}