{"id":25451,"date":"2021-08-31T08:05:13","date_gmt":"2021-08-31T08:05:13","guid":{"rendered":"https:\/\/medcity.hu\/webshop\/?post_type=product&#038;p=25451"},"modified":"2024-12-30T13:05:42","modified_gmt":"2024-12-30T13:05:42","slug":"allapotfelmero-mini-szurocsomag","status":"publish","type":"product","link":"https:\/\/medcity.hu\/webshop\/product\/allapotfelmero-mini-szurocsomag\/","title":{"rendered":"\u00c1llapotfelm\u00e9r\u0151 mini sz\u0171r\u0151csomag"},"content":{"rendered":"","protected":false},"excerpt":{"rendered":"<h2>Kinek aj\u00e1nljuk?<\/h2>\n<p>Azon p\u00e1cienseink sz\u00e1m\u00e1ra, akik \u00e1ltal\u00e1nos k\u00e9pet szeretn\u00e9nek kapni jelenlegi eg\u00e9szs\u00e9gi \u00e1llapotukr\u00f3l.<\/p>\n<h2>Vizsg\u00e1latok:<\/h2>\n<ul>\n<li>Laborat\u00f3riumi vizsg\u00e1lat (v\u00e9rk\u00e9p, s\u00fcllyed\u00e9s\/ v\u00e9rcukor, bilirubin, GPT\/GGT\/GOT, alk. foszfat\u00e1z, kreatinin, KN (Urea), koleszterin, HDL-koleszterin, triglicerid, h\u00fagysav, TSH, Na, K, Ca, P, teljes vizeletvizsg\u00e1lat)<\/li>\n<li>Belgy\u00f3gy\u00e1szati szakvizsg\u00e1lat (EKG, fizik\u00e1lis vizsg\u00e1lat, v\u00e9rnyom\u00e1sm\u00e9r\u00e9s, BMI index meghat\u00e1roz\u00e1s)<\/li>\n<li>Belgy\u00f3gy\u00e1szati \u00f6sszefoglal\u00f3 szakv\u00e9lem\u00e9ny, eg\u00e9szs\u00e9gterv k\u00e9sz\u00edt\u00e9se<\/li>\n<\/ul>\n<p>Amennyiben tov\u00e1bbi inform\u00e1ci\u00f3ra lenne sz\u00fcks\u00e9ge sz\u0171r\u0151csomagunkr\u00f3l, k\u00e9rj\u00fck, keressen minket bizalommal.<\/p>\n","protected":false},"featured_media":25452,"comment_status":"closed","ping_status":"closed","template":"","meta":{"cybocfi_hide_featured_image":""},"product_cat":[90],"product_tag":[],"_links":{"self":[{"href":"https:\/\/medcity.hu\/webshop\/wp-json\/wp\/v2\/product\/25451"}],"collection":[{"href":"https:\/\/medcity.hu\/webshop\/wp-json\/wp\/v2\/product"}],"about":[{"href":"https:\/\/medcity.hu\/webshop\/wp-json\/wp\/v2\/types\/product"}],"replies":[{"embeddable":true,"href":"https:\/\/medcity.hu\/webshop\/wp-json\/wp\/v2\/comments?post=25451"}],"wp:featuredmedia":[{"embeddable":true,"href":"https:\/\/medcity.hu\/webshop\/wp-json\/wp\/v2\/media\/25452"}],"wp:attachment":[{"href":"https:\/\/medcity.hu\/webshop\/wp-json\/wp\/v2\/media?parent=25451"}],"wp:term":[{"taxonomy":"product_cat","embeddable":true,"href":"https:\/\/medcity.hu\/webshop\/wp-json\/wp\/v2\/product_cat?post=25451"},{"taxonomy":"product_tag","embeddable":true,"href":"https:\/\/medcity.hu\/webshop\/wp-json\/wp\/v2\/product_tag?post=25451"}],"curies":[{"name":"wp","href":"https:\/\/api.w.org\/{rel}","templated":true}]}}