{"id":25449,"date":"2021-08-31T08:03:40","date_gmt":"2021-08-31T08:03:40","guid":{"rendered":"https:\/\/medcity.hu\/webshop\/?post_type=product&#038;p=25449"},"modified":"2025-12-29T12:15:24","modified_gmt":"2025-12-29T12:15:24","slug":"allapotfelmero-szurocsomag-40-ev-alatti-holgyeknek","status":"publish","type":"product","link":"https:\/\/medcity.hu\/webshop\/product\/allapotfelmero-szurocsomag-40-ev-alatti-holgyeknek\/","title":{"rendered":"\u00c1llapotfelm\u00e9r\u0151 sz\u0171r\u0151csomag 40 \u00e9v alatti h\u00f6lgyeknek"},"content":{"rendered":"","protected":false},"excerpt":{"rendered":"<h2>Kinek aj\u00e1nljuk?<\/h2>\n<p>40 \u00e9v alatti h\u00f6lgy p\u00e1cienseink r\u00e9sz\u00e9re, akik teljes k\u00f6r\u0171 \u00e1llapotfelm\u00e9r\u00e9ssel szeretn\u00e9nek eg\u00e9szs\u00e9g\u00fckr\u0151l pontos k\u00e9pet kapni.<\/p>\n<h2>Vizsg\u00e1latok:<\/h2>\n<ul>\n<li>Laborat\u00f3riumi vizsg\u00e1lat (v\u00e9rk\u00e9p, s\u00fcllyed\u00e9s\/ v\u00e9rcukor, bilirubin, GPT\/GGT\/GOT, alk. foszfat\u00e1z, kreatinin, KN (Urea), koleszterin, HDL-koleszterin, triglicerid, h\u00fagysav, TSH, Na, K, Ca, P, D-vitamin szint, teljes vizeletvizsg\u00e1lat)<\/li>\n<li>Hasi \u00e9s kismedencei ultrahang vizsg\u00e1lat<\/li>\n<li>Eml\u0151 ultrahang vizsg\u00e1lat<\/li>\n<li>K\u00e9tir\u00e1ny\u00fa mellkas r\u00f6ntgenvizsg\u00e1lat<\/li>\n<li>N\u0151gy\u00f3gy\u00e1szati szakvizsg\u00e1lat (citol\u00f3gia \u00e9s h\u00fcvelyi ultrahang is)<\/li>\n<li>Belgy\u00f3gy\u00e1szati szakvizsg\u00e1lat<\/li>\n<li>EKG-vizsg\u00e1lat<\/li>\n<li>Anyajegysz\u0171r\u00e9s<\/li>\n<li>Belgy\u00f3gy\u00e1szati \u00f6sszefoglal\u00f3 szakv\u00e9lem\u00e9ny, eg\u00e9szs\u00e9gterv k\u00e9sz\u00edt\u00e9se<\/li>\n<\/ul>\n<p>A sz\u0171r\u0151csomagot ig\u00e9nybe vev\u0151 p\u00e1cienseink sz\u00e1m\u00e1ra<strong> 10% kedvezm\u00e9nyt<\/strong> biztos\u00edtunk <strong>szem\u00e9szeti szakvizsg\u00e1latunk<\/strong> \u00e1r\u00e1b\u00f3l. A szem\u00e9szeti sz\u0171r\u00e9s aj\u00e1nlott t\u00f6bbek k\u00f6zt a k\u00e9perny\u0151 el\u0151tti munkav\u00e9gz\u00e9s, cukorbetegs\u00e9g,\u00a0pajzsmirigy betegs\u00e9g \u00e9s a csal\u00e1dban halmozottan el\u0151fordul\u00f3 szem\u00e9szeti megbeteged\u00e9sek\u00a0eset\u00e9n.<\/p>\n<p>Amennyiben tov\u00e1bbi inform\u00e1ci\u00f3ra lenne sz\u00fcks\u00e9ge sz\u0171r\u0151csomagunkr\u00f3l, k\u00e9rj\u00fck, keressen minket bizalommal.<\/p>\n","protected":false},"featured_media":25450,"comment_status":"closed","ping_status":"closed","template":"","meta":{"cybocfi_hide_featured_image":""},"product_cat":[90],"product_tag":[],"_links":{"self":[{"href":"https:\/\/medcity.hu\/webshop\/wp-json\/wp\/v2\/product\/25449"}],"collection":[{"href":"https:\/\/medcity.hu\/webshop\/wp-json\/wp\/v2\/product"}],"about":[{"href":"https:\/\/medcity.hu\/webshop\/wp-json\/wp\/v2\/types\/product"}],"replies":[{"embeddable":true,"href":"https:\/\/medcity.hu\/webshop\/wp-json\/wp\/v2\/comments?post=25449"}],"wp:featuredmedia":[{"embeddable":true,"href":"https:\/\/medcity.hu\/webshop\/wp-json\/wp\/v2\/media\/25450"}],"wp:attachment":[{"href":"https:\/\/medcity.hu\/webshop\/wp-json\/wp\/v2\/media?parent=25449"}],"wp:term":[{"taxonomy":"product_cat","embeddable":true,"href":"https:\/\/medcity.hu\/webshop\/wp-json\/wp\/v2\/product_cat?post=25449"},{"taxonomy":"product_tag","embeddable":true,"href":"https:\/\/medcity.hu\/webshop\/wp-json\/wp\/v2\/product_tag?post=25449"}],"curies":[{"name":"wp","href":"https:\/\/api.w.org\/{rel}","templated":true}]}}