{"id":25443,"date":"2021-08-31T07:49:02","date_gmt":"2021-08-31T07:49:02","guid":{"rendered":"https:\/\/medcity.hu\/webshop\/?post_type=product&#038;p=25443"},"modified":"2025-12-29T12:16:39","modified_gmt":"2025-12-29T12:16:39","slug":"allapotfelmero-szurocsomag-40-ev-feletti-uraknak","status":"publish","type":"product","link":"https:\/\/medcity.hu\/webshop\/product\/allapotfelmero-szurocsomag-40-ev-feletti-uraknak\/","title":{"rendered":"\u00c1llapotfelm\u00e9r\u0151 sz\u0171r\u0151csomag 40 \u00e9v feletti uraknak"},"content":{"rendered":"","protected":false},"excerpt":{"rendered":"<h2>Kinek aj\u00e1nljuk?<\/h2>\n<p>40 \u00e9v feletti f\u00e9rfiak sz\u00e1m\u00e1ra \u00f6ssze\u00e1ll\u00edtott sz\u0171r\u0151vizsg\u00e1lati csomag, amelyb\u0151l az \u0151ket vesz\u00e9lyeztet\u0151 betegs\u00e9gek nagy r\u00e9sze kisz\u0171rhet\u0151.<\/p>\n<h2>Vizsg\u00e1latok:<\/h2>\n<ul>\n<li>Laborat\u00f3riumi vizsg\u00e1lat (v\u00e9rk\u00e9p, s\u00fcllyed\u00e9s, v\u00e9rcukor, bilirubin, GPT\/GGT\/GOT, alk. foszfat\u00e1z, kreatinin, KN (Urea), koleszterin, HDL-koleszterin, triglicerid, h\u00fagysav, TSH, Na, K, Ca, P, D-vitamin szint, PSA meghat\u00e1roz\u00e1s, teljes vizeletvizsg\u00e1lat, sz\u00e9kletv\u00e9r meghat\u00e1roz\u00e1s)<\/li>\n<li>Hasi \u00e9s kismedencei ultrahang vizsg\u00e1lat<\/li>\n<li>Alacsony sug\u00e1rd\u00f3zis\u00fa mellkasi CT vizsg\u00e1lat<\/li>\n<li>Urol\u00f3giai szakvizsg\u00e1lat<\/li>\n<li>Kardiol\u00f3giai szakvizsg\u00e1lat<\/li>\n<li>Terhel\u00e9ses EKG vizsg\u00e1lat<\/li>\n<li>Echokardiogr\u00e1fia (sz\u00edvultrahang)<\/li>\n<li>Komplex szem\u00e9szeti szakvizsg\u00e1lat<\/li>\n<li>Anyajegysz\u0171r\u00e9s<\/li>\n<li>Belgy\u00f3gy\u00e1szati \u00f6sszefoglal\u00f3 szakv\u00e9lem\u00e9ny, eg\u00e9szs\u00e9gterv k\u00e9sz\u00edt\u00e9se<\/li>\n<\/ul>\n<p>Amennyiben tov\u00e1bbi inform\u00e1ci\u00f3ra lenne sz\u00fcks\u00e9ge sz\u0171r\u0151csomagunkr\u00f3l, k\u00e9rj\u00fck, keressen minket bizalommal.<\/p>\n","protected":false},"featured_media":25444,"comment_status":"closed","ping_status":"closed","template":"","meta":{"cybocfi_hide_featured_image":""},"product_cat":[90],"product_tag":[],"_links":{"self":[{"href":"https:\/\/medcity.hu\/webshop\/wp-json\/wp\/v2\/product\/25443"}],"collection":[{"href":"https:\/\/medcity.hu\/webshop\/wp-json\/wp\/v2\/product"}],"about":[{"href":"https:\/\/medcity.hu\/webshop\/wp-json\/wp\/v2\/types\/product"}],"replies":[{"embeddable":true,"href":"https:\/\/medcity.hu\/webshop\/wp-json\/wp\/v2\/comments?post=25443"}],"wp:featuredmedia":[{"embeddable":true,"href":"https:\/\/medcity.hu\/webshop\/wp-json\/wp\/v2\/media\/25444"}],"wp:attachment":[{"href":"https:\/\/medcity.hu\/webshop\/wp-json\/wp\/v2\/media?parent=25443"}],"wp:term":[{"taxonomy":"product_cat","embeddable":true,"href":"https:\/\/medcity.hu\/webshop\/wp-json\/wp\/v2\/product_cat?post=25443"},{"taxonomy":"product_tag","embeddable":true,"href":"https:\/\/medcity.hu\/webshop\/wp-json\/wp\/v2\/product_tag?post=25443"}],"curies":[{"name":"wp","href":"https:\/\/api.w.org\/{rel}","templated":true}]}}