{"id":25432,"date":"2021-08-31T07:36:54","date_gmt":"2021-08-31T07:36:54","guid":{"rendered":"https:\/\/medcity.hu\/webshop\/?post_type=product&#038;p=25432"},"modified":"2024-12-30T13:07:02","modified_gmt":"2024-12-30T13:07:02","slug":"pajzsmirigy-szurocsomag","status":"publish","type":"product","link":"https:\/\/medcity.hu\/webshop\/product\/pajzsmirigy-szurocsomag\/","title":{"rendered":"Pajzsmirigy sz\u0171r\u0151csomag"},"content":{"rendered":"","protected":false},"excerpt":{"rendered":"<h2>Kinek aj\u00e1nljuk?<\/h2>\n<p>Haz\u00e1nkban a lakoss\u00e1g 10-15 sz\u00e1zal\u00e9k\u00e1n\u00e1l mutathat\u00f3 ki pajzsmirigy rendelleness\u00e9g, k\u00f6z\u00f6tt\u00fck is igen magas, mintegy 75-80 sz\u00e1zal\u00e9k a n\u0151k ar\u00e1nya. K\u00fcl\u00f6n\u00f6sen nagy sz\u00e1mban jelennek meg 45-60 \u00e9v k\u00f6z\u00f6tti n\u0151k k\u00f6r\u00e9ben, a menopauza alatti hormon\u00e1lis v\u00e1ltoz\u00e1sok k\u00f6vetkezt\u00e9ben. A betegs\u00e9g kialakulhat a sz\u00fcl\u00e9s ut\u00e1ni id\u0151szakban is (5-11%).<\/p>\n<p>A pajzsmirigy \u00e1ltal termelt hormonok szinte minden szervre hat\u00e1ssal vannak. Ez\u00e9rt a m\u0171k\u00f6d\u00e9s\u00e9ben keletkezett zavarokra igen szerte\u00e1gaz\u00f3 t\u00fcnetek utalnak. A leggyakoribb t\u00fcnetek a tests\u00faly \u00e9s hangulatv\u00e1ltoz\u00e1s, haj- \u00e9s b\u0151rprobl\u00e9m\u00e1k, illetve a nyak k\u00f6rfogat\u00e1nak n\u00f6veked\u00e9se. Gyakran jelentkeznek emellett em\u00e9szt\u0151rendszeri, sz\u00edv- \u00e9s \u00e9rrendszeri, valamint csontrendszert \u00e9rint\u0151 panaszok is. A pajzsmirigy-betegs\u00e9gek egy r\u00e9sze emellett kihat\u00e1ssal lehet a fogamz\u00f3 k\u00e9pess\u00e9gre \u00e9s menstru\u00e1ci\u00f3s ciklusra is.<\/p>\n<p>Nem elegend\u0151 a t\u00fcneteket felismerni, a betegs\u00e9g kezel\u00e9s\u00e9t endokrinol\u00f3gus szakemberre kell b\u00edzni.<\/p>\n<h2>Vizsg\u00e1latok:<\/h2>\n<ul>\n<li>Laborat\u00f3riumi vizsg\u00e1lat (v\u00e9rk\u00e9p, s\u00fcllyed\u00e9s\/ v\u00e9rcukor, bilirubin, GPT\/GGT\/GOT, alk. foszfat\u00e1z, kreatinin, KN (Urea), koleszterin, HDL-koleszterin, triglicerid, h\u00fagysav, TSH, T3, T4, anti-TPO, tireoglobulin, TRAK, Na, K, Ca, P, D-vitamin szint, teljes vizeletvizsg\u00e1lat)<\/li>\n<li>Endokrinol\u00f3giai szakvizsg\u00e1lat<\/li>\n<li>Pajzsmirigy ultrahang<\/li>\n<\/ul>\n<p>Amennyiben tov\u00e1bbi inform\u00e1ci\u00f3ra lenne sz\u00fcks\u00e9ge sz\u0171r\u0151csomagunkr\u00f3l, k\u00e9rj\u00fck, keressen minket bizalommal.<\/p>\n","protected":false},"featured_media":25433,"comment_status":"closed","ping_status":"closed","template":"","meta":{"cybocfi_hide_featured_image":""},"product_cat":[90],"product_tag":[],"_links":{"self":[{"href":"https:\/\/medcity.hu\/webshop\/wp-json\/wp\/v2\/product\/25432"}],"collection":[{"href":"https:\/\/medcity.hu\/webshop\/wp-json\/wp\/v2\/product"}],"about":[{"href":"https:\/\/medcity.hu\/webshop\/wp-json\/wp\/v2\/types\/product"}],"replies":[{"embeddable":true,"href":"https:\/\/medcity.hu\/webshop\/wp-json\/wp\/v2\/comments?post=25432"}],"wp:featuredmedia":[{"embeddable":true,"href":"https:\/\/medcity.hu\/webshop\/wp-json\/wp\/v2\/media\/25433"}],"wp:attachment":[{"href":"https:\/\/medcity.hu\/webshop\/wp-json\/wp\/v2\/media?parent=25432"}],"wp:term":[{"taxonomy":"product_cat","embeddable":true,"href":"https:\/\/medcity.hu\/webshop\/wp-json\/wp\/v2\/product_cat?post=25432"},{"taxonomy":"product_tag","embeddable":true,"href":"https:\/\/medcity.hu\/webshop\/wp-json\/wp\/v2\/product_tag?post=25432"}],"curies":[{"name":"wp","href":"https:\/\/api.w.org\/{rel}","templated":true}]}}