{"id":25318,"date":"2021-06-10T08:25:12","date_gmt":"2021-06-10T08:25:12","guid":{"rendered":"https:\/\/medcity.hu\/webshop\/?page_id=25318"},"modified":"2021-11-18T14:34:43","modified_gmt":"2021-11-18T14:34:43","slug":"ajandekkartya","status":"publish","type":"page","link":"https:\/\/medcity.hu\/webshop\/ajandekkartya\/","title":{"rendered":"Aj\u00e1nd\u00e9kk\u00e1rtya"},"content":{"rendered":"<p>[vc_row][vc_column][vc_column_text]<strong>Seg\u00edtse szeretteit \u00d6n is az eg\u00e9szs\u00e9gmeg\u0151rz\u00e9sben, hiszen ez az egyik legfontosabb \u00e9rt\u00e9k\u00fcnk! Az \u00f6sszeget \u00d6n v\u00e1lasztja a szolg\u00e1ltat\u00e1st a megaj\u00e1nd\u00e9kozott szem\u00e9ly.<\/strong><\/p>\n<p>Az Aj\u00e1nd\u00e9kk\u00e1rty\u00e1ra felt\u00f6lt\u00f6tt \u00f6sszeg felhaszn\u00e1lhat\u00f3 a MEDCITY Eg\u00e9szs\u00e9gk\u00f6zpont \u00f6sszes szolg\u00e1ltat\u00e1s\u00e1ra, \u00edgy a:<\/p>\n<ul>\n<li>J\u00e1r\u00f3beteg szakrendel\u00e9seinkre, mint a belgy\u00f3gy\u00e1szat, b\u0151rgy\u00f3gy\u00e1szat, diabetol\u00f3gia, endokrinol\u00f3gia, f\u00fcl-orr-g\u00e9g\u00e9szet, gasztroenterol\u00f3gia, idegseb\u00e9szet, kardiol\u00f3gia, neurol\u00f3gia, n\u0151gy\u00f3gy\u00e1szat, ortop\u00e9dia, proktol\u00f3gia, reumatol\u00f3gia, seb\u00e9szet, szem\u00e9szet, urol\u00f3gia;<\/li>\n<li>Egynapos seb\u00e9szeti ell\u00e1t\u00e1sunkra;<\/li>\n<li>Endoszk\u00f3pos beavatkoz\u00e1sokra;<\/li>\n<li>Laborvizsg\u00e1latokra;<\/li>\n<li>K\u00e9palkot\u00f3 diagnosztikai vizsg\u00e1latokra.<\/li>\n<\/ul>\n<p><strong>A megv\u00e1s\u00e1rolt aj\u00e1nd\u00e9kk\u00e1rty\u00e1t e-mailben vagy postai \u00faton k\u00fcldj\u00fck el az \u00d6n \u00e1ltal megadott c\u00edmre, illetve szem\u00e9lyesen is \u00e1tveheti a 1044 Budapest, Megyeri \u00fat 53. sz\u00e1m alatti Eg\u00e9szs\u00e9gk\u00f6zpontunkban. K\u00e9rj\u00fck, hogy a megrendel\u00e9s sor\u00e1n v\u00e1lassza ki az \u00d6nnek legink\u00e1bb megfelel\u0151 opci\u00f3t.<\/strong><\/p>\n<p>Az Aj\u00e1nd\u00e9kk\u00e1rtya 1 \u00e9ven bel\u00fcl haszn\u00e1lhat\u00f3 fel, n\u00e9vre sz\u00f3l \u00e9s 1 alkalommal \u00e1truh\u00e1zhat\u00f3.[\/vc_column_text][\/vc_column][\/vc_row][vc_row][vc_column]<div class=\"woocommerce columns-4 \"><ul class=\"products columns-4\">\n<li class=\"product type-product post-25473 status-publish first instock product_cat-ajandekkartyak has-post-thumbnail shipping-taxable purchasable product-type-simple\">\n\t<div class=\"dark_links\"><\/div><\/li>\n<li class=\"product type-product post-25477 status-publish instock product_cat-ajandekkartyak has-post-thumbnail shipping-taxable purchasable product-type-simple\">\n\t<div class=\"dark_links\"><\/div><\/li>\n<li class=\"product type-product post-25479 status-publish instock product_cat-ajandekkartyak has-post-thumbnail shipping-taxable purchasable product-type-simple\">\n\t<div class=\"dark_links\"><\/div><\/li>\n<li class=\"product type-product post-25495 status-publish last instock product_cat-ajandekkartyak has-post-thumbnail shipping-taxable purchasable product-type-simple\">\n\t<div class=\"dark_links\"><\/div><\/li>\n<li class=\"product type-product post-25490 status-publish first instock product_cat-ajandekkartyak has-post-thumbnail shipping-taxable purchasable product-type-simple\">\n\t<div class=\"dark_links\"><\/div><\/li>\n<li class=\"product type-product post-25488 status-publish instock product_cat-ajandekkartyak has-post-thumbnail shipping-taxable purchasable product-type-simple\">\n\t<div class=\"dark_links\"><\/div><\/li>\n<li class=\"product type-product post-25485 status-publish instock product_cat-ajandekkartyak has-post-thumbnail shipping-taxable purchasable product-type-simple\">\n\t<div class=\"dark_links\"><\/div><\/li>\n<li class=\"product type-product post-25482 status-publish last instock product_cat-ajandekkartyak has-post-thumbnail shipping-taxable purchasable product-type-simple\">\n\t<div class=\"dark_links\"><\/div><\/li>\n<\/ul>\n<\/div>[\/vc_column][\/vc_row]<\/p>\n","protected":false},"excerpt":{"rendered":"<p>[vc_row][vc_column][vc_column_text]Seg\u00edtse szeretteit \u00d6n is az eg\u00e9szs\u00e9gmeg\u0151rz\u00e9sben, hiszen ez az egyik legfontosabb \u00e9rt\u00e9k\u00fcnk! Az \u00f6sszeget \u00d6n v\u00e1lasztja a szolg\u00e1ltat\u00e1st a megaj\u00e1nd\u00e9kozott szem\u00e9ly. Az Aj\u00e1nd\u00e9kk\u00e1rty\u00e1ra felt\u00f6lt\u00f6tt \u00f6sszeg felhaszn\u00e1lhat\u00f3 a MEDCITY Eg\u00e9szs\u00e9gk\u00f6zpont \u00f6sszes szolg\u00e1ltat\u00e1s\u00e1ra, \u00edgy a: J\u00e1r\u00f3beteg szakrendel\u00e9seinkre, mint a belgy\u00f3gy\u00e1szat, b\u0151rgy\u00f3gy\u00e1szat, diabetol\u00f3gia, endokrinol\u00f3gia, f\u00fcl-orr-g\u00e9g\u00e9szet, gasztroenterol\u00f3gia, idegseb\u00e9szet, kardiol\u00f3gia, neurol\u00f3gia, n\u0151gy\u00f3gy\u00e1szat, ortop\u00e9dia, proktol\u00f3gia, reumatol\u00f3gia, seb\u00e9szet, szem\u00e9szet, urol\u00f3gia; Egynapos seb\u00e9szeti&#8230;<\/p>\n","protected":false},"author":2,"featured_media":0,"parent":0,"menu_order":0,"comment_status":"closed","ping_status":"closed","template":"","meta":{"cybocfi_hide_featured_image":""},"_links":{"self":[{"href":"https:\/\/medcity.hu\/webshop\/wp-json\/wp\/v2\/pages\/25318"}],"collection":[{"href":"https:\/\/medcity.hu\/webshop\/wp-json\/wp\/v2\/pages"}],"about":[{"href":"https:\/\/medcity.hu\/webshop\/wp-json\/wp\/v2\/types\/page"}],"author":[{"embeddable":true,"href":"https:\/\/medcity.hu\/webshop\/wp-json\/wp\/v2\/users\/2"}],"replies":[{"embeddable":true,"href":"https:\/\/medcity.hu\/webshop\/wp-json\/wp\/v2\/comments?post=25318"}],"version-history":[{"count":5,"href":"https:\/\/medcity.hu\/webshop\/wp-json\/wp\/v2\/pages\/25318\/revisions"}],"predecessor-version":[{"id":25522,"href":"https:\/\/medcity.hu\/webshop\/wp-json\/wp\/v2\/pages\/25318\/revisions\/25522"}],"wp:attachment":[{"href":"https:\/\/medcity.hu\/webshop\/wp-json\/wp\/v2\/media?parent=25318"}],"curies":[{"name":"wp","href":"https:\/\/api.w.org\/{rel}","templated":true}]}}