{"id":25316,"date":"2021-06-10T08:24:57","date_gmt":"2021-06-10T08:24:57","guid":{"rendered":"https:\/\/medcity.hu\/webshop\/?page_id=25316"},"modified":"2021-11-18T14:32:43","modified_gmt":"2021-11-18T14:32:43","slug":"szurocsomagok","status":"publish","type":"page","link":"https:\/\/medcity.hu\/webshop\/szurocsomagok\/","title":{"rendered":"Sz\u0171r\u0151csomagok"},"content":{"rendered":"<p>[vc_row][vc_column][vc_column_text]<\/p>\n<p style=\"text-align: left;\">V\u00e1lassza ki az \u00d6nnek megfelel\u0151\u00a0sz\u0171r\u0151csomagot\u00a0\u00e9s m\u00e9rje fel eg\u00e9szs\u00e9ge \u00e1llapot\u00e1t!<\/p>\n<p style=\"text-align: left;\">Kedvezm\u00e9nyes \u00e1ron, sorban \u00e1ll\u00e1s n\u00e9lk\u00fcl, kiv\u00e1l\u00f3 szakemberekkel. Mindent egy helyen, k\u00e9nyelmesen.<\/p>\n<p style=\"text-align: left;\"><strong>Szeretteit is megaj\u00e1nd\u00e9kozhatja, ha \u00fagy \u00e9rzi, hogy az eg\u00e9szs\u00e9gtudatoss\u00e1g az \u0151 eset\u00fckben is fontos. <\/strong><\/p>\n<p style=\"text-align: left;\">A megv\u00e1s\u00e1rolt szolg\u00e1ltat\u00e1scsomag ig\u00e9nybev\u00e9tel\u00e9re 1 \u00e9v \u00e1ll az \u00d6n vagy az \u00d6n \u00e1ltal v\u00e1lasztott szem\u00e9ly rendelkez\u00e9sre. A csomag n\u00e9vre sz\u00f3l, 1 alkalommal \u00e1truh\u00e1zhat\u00f3.<\/p>\n<p>[\/vc_column_text][\/vc_column][\/vc_row][vc_row][vc_column]<div class=\"woocommerce columns-4 \"><ul class=\"products columns-4\">\n<li class=\"product type-product post-25451 status-publish first instock product_cat-szurocsomagok has-post-thumbnail shipping-taxable purchasable product-type-simple\">\n\t<div class=\"dark_links\"><\/div><\/li>\n<li class=\"product type-product post-25432 status-publish instock product_cat-szurocsomagok has-post-thumbnail shipping-taxable purchasable product-type-simple\">\n\t<div class=\"dark_links\"><\/div><\/li>\n<li class=\"product type-product post-25436 status-publish instock product_cat-szurocsomagok has-post-thumbnail shipping-taxable purchasable product-type-simple\">\n\t<div class=\"dark_links\"><\/div><\/li>\n<li class=\"product type-product post-25438 status-publish last instock product_cat-szurocsomagok has-post-thumbnail shipping-taxable purchasable product-type-simple\">\n\t<div class=\"dark_links\"><\/div><\/li>\n<li class=\"product type-product post-25441 status-publish first instock product_cat-szurocsomagok has-post-thumbnail shipping-taxable purchasable product-type-simple\">\n\t<div class=\"dark_links\"><\/div><\/li>\n<li class=\"product type-product post-25449 status-publish instock product_cat-szurocsomagok has-post-thumbnail shipping-taxable purchasable product-type-simple\">\n\t<div class=\"dark_links\"><\/div><\/li>\n<li class=\"product type-product post-25443 status-publish instock product_cat-szurocsomagok has-post-thumbnail shipping-taxable purchasable product-type-simple\">\n\t<div class=\"dark_links\"><\/div><\/li>\n<li class=\"product type-product post-25447 status-publish last instock product_cat-szurocsomagok has-post-thumbnail shipping-taxable purchasable product-type-simple\">\n\t<div class=\"dark_links\"><\/div><\/li>\n<\/ul>\n<\/div>[\/vc_column][\/vc_row]<\/p>\n","protected":false},"excerpt":{"rendered":"<p>[vc_row][vc_column][vc_column_text] V\u00e1lassza ki az \u00d6nnek megfelel\u0151\u00a0sz\u0171r\u0151csomagot\u00a0\u00e9s m\u00e9rje fel eg\u00e9szs\u00e9ge \u00e1llapot\u00e1t! Kedvezm\u00e9nyes \u00e1ron, sorban \u00e1ll\u00e1s n\u00e9lk\u00fcl, kiv\u00e1l\u00f3 szakemberekkel. Mindent egy helyen, k\u00e9nyelmesen. Szeretteit is megaj\u00e1nd\u00e9kozhatja, ha \u00fagy \u00e9rzi, hogy az eg\u00e9szs\u00e9gtudatoss\u00e1g az \u0151 eset\u00fckben is fontos. A megv\u00e1s\u00e1rolt szolg\u00e1ltat\u00e1scsomag ig\u00e9nybev\u00e9tel\u00e9re 1 \u00e9v \u00e1ll az \u00d6n vagy az \u00d6n \u00e1ltal v\u00e1lasztott szem\u00e9ly rendelkez\u00e9sre. A csomag n\u00e9vre sz\u00f3l,&#8230;<\/p>\n","protected":false},"author":2,"featured_media":0,"parent":0,"menu_order":0,"comment_status":"closed","ping_status":"closed","template":"","meta":{"cybocfi_hide_featured_image":""},"_links":{"self":[{"href":"https:\/\/medcity.hu\/webshop\/wp-json\/wp\/v2\/pages\/25316"}],"collection":[{"href":"https:\/\/medcity.hu\/webshop\/wp-json\/wp\/v2\/pages"}],"about":[{"href":"https:\/\/medcity.hu\/webshop\/wp-json\/wp\/v2\/types\/page"}],"author":[{"embeddable":true,"href":"https:\/\/medcity.hu\/webshop\/wp-json\/wp\/v2\/users\/2"}],"replies":[{"embeddable":true,"href":"https:\/\/medcity.hu\/webshop\/wp-json\/wp\/v2\/comments?post=25316"}],"version-history":[{"count":8,"href":"https:\/\/medcity.hu\/webshop\/wp-json\/wp\/v2\/pages\/25316\/revisions"}],"predecessor-version":[{"id":25520,"href":"https:\/\/medcity.hu\/webshop\/wp-json\/wp\/v2\/pages\/25316\/revisions\/25520"}],"wp:attachment":[{"href":"https:\/\/medcity.hu\/webshop\/wp-json\/wp\/v2\/media?parent=25316"}],"curies":[{"name":"wp","href":"https:\/\/api.w.org\/{rel}","templated":true}]}}