{"id":25312,"date":"2021-06-10T08:24:17","date_gmt":"2021-06-10T08:24:17","guid":{"rendered":"https:\/\/medcity.hu\/webshop\/?page_id=25312"},"modified":"2021-08-31T08:24:31","modified_gmt":"2021-08-31T08:24:31","slug":"telefonos-konzultacio","status":"publish","type":"page","link":"https:\/\/medcity.hu\/webshop\/telefonos-konzultacio\/","title":{"rendered":"Telefonos konzult\u00e1ci\u00f3"},"content":{"rendered":"<p>[vc_row][vc_column][vc_column_text]A telefonos orvosi konzult\u00e1ci\u00f3 lehet\u0151s\u00e9get ad arra, hogy P\u00e1cienseinknek t\u00e1volr\u00f3l is seg\u00edts\u00e9get tudjunk ny\u00fajtani. Szakorvosunkhoz fordulhat laboreredm\u00e9nyeinek konzult\u00e1ci\u00f3ja, gy\u00f3gyszer elrendel\u00e9s\u00e9re, m\u00e1r szedett gy\u00f3gyszer d\u00f3zis\u00e1nak egyeztet\u00e9se kapcs\u00e1n.[\/vc_column_text][\/vc_column][\/vc_row][vc_row][vc_column]<div class=\"woocommerce columns-4 \"><ul class=\"products columns-4\">\n<li class=\"product type-product post-25462 status-publish first instock product_cat-telefonos-szakorvosi-konzultacio has-post-thumbnail shipping-taxable purchasable product-type-simple\">\n\t<div class=\"dark_links\"><\/div><\/li>\n<\/ul>\n<\/div>[\/vc_column][\/vc_row]<\/p>\n","protected":false},"excerpt":{"rendered":"<p>[vc_row][vc_column][vc_column_text]A telefonos orvosi konzult\u00e1ci\u00f3 lehet\u0151s\u00e9get ad arra, hogy P\u00e1cienseinknek t\u00e1volr\u00f3l is seg\u00edts\u00e9get tudjunk ny\u00fajtani. Szakorvosunkhoz fordulhat laboreredm\u00e9nyeinek konzult\u00e1ci\u00f3ja, gy\u00f3gyszer elrendel\u00e9s\u00e9re, m\u00e1r szedett gy\u00f3gyszer d\u00f3zis\u00e1nak egyeztet\u00e9se kapcs\u00e1n.[\/vc_column_text][\/vc_column][\/vc_row][vc_row][vc_column][\/vc_column][\/vc_row]<\/p>\n","protected":false},"author":2,"featured_media":0,"parent":0,"menu_order":0,"comment_status":"closed","ping_status":"closed","template":"","meta":{"cybocfi_hide_featured_image":""},"_links":{"self":[{"href":"https:\/\/medcity.hu\/webshop\/wp-json\/wp\/v2\/pages\/25312"}],"collection":[{"href":"https:\/\/medcity.hu\/webshop\/wp-json\/wp\/v2\/pages"}],"about":[{"href":"https:\/\/medcity.hu\/webshop\/wp-json\/wp\/v2\/types\/page"}],"author":[{"embeddable":true,"href":"https:\/\/medcity.hu\/webshop\/wp-json\/wp\/v2\/users\/2"}],"replies":[{"embeddable":true,"href":"https:\/\/medcity.hu\/webshop\/wp-json\/wp\/v2\/comments?post=25312"}],"version-history":[{"count":3,"href":"https:\/\/medcity.hu\/webshop\/wp-json\/wp\/v2\/pages\/25312\/revisions"}],"predecessor-version":[{"id":25464,"href":"https:\/\/medcity.hu\/webshop\/wp-json\/wp\/v2\/pages\/25312\/revisions\/25464"}],"wp:attachment":[{"href":"https:\/\/medcity.hu\/webshop\/wp-json\/wp\/v2\/media?parent=25312"}],"curies":[{"name":"wp","href":"https:\/\/api.w.org\/{rel}","templated":true}]}}