{"id":25310,"date":"2021-06-10T08:15:30","date_gmt":"2021-06-10T08:15:30","guid":{"rendered":"https:\/\/medcity.hu\/webshop\/?page_id=25310"},"modified":"2021-11-22T12:28:31","modified_gmt":"2021-11-22T12:28:31","slug":"kezdooldal","status":"publish","type":"page","link":"https:\/\/medcity.hu\/webshop\/","title":{"rendered":"Kezd\u0151oldal"},"content":{"rendered":"<p>[vc_row full_width=&#8221;stretch_row&#8221; bg_type=&#8221;image&#8221; bg_image_new=&#8221;25342&#8243; css=&#8221;.vc_custom_1623324146533{padding-bottom: 50px !important;}&#8221;][vc_column width=&#8221;1\/4&#8243;][vc_single_image alignment=&#8221;center&#8221; onclick=&#8221;custom_link&#8221; image=&#8221;25411&#8243; link=&#8221;https:\/\/medcity.hu\/webshop\/telefonos-konzultacio\/&#8221;]<h2 class=\"boc_heading  al_left   inherit_weight\"  style=\"color: #333;\" ><span>Telefonos szakorvosi konzult\u00e1ci\u00f3<\/span><\/h2>[vc_column_text]A telefonos orvosi konzult\u00e1ci\u00f3 lehet\u0151s\u00e9get ad arra, hogy P\u00e1cienseinknek t\u00e1volr\u00f3l is seg\u00edts\u00e9get tudjunk ny\u00fajtani.[\/vc_column_text]<a\thref=\"https:\/\/medcity.hu\/webshop\/telefonos-konzultacio\/\"  \n\t\t\t\tclass=\"button btn_small btn_theme_color btn_rounded btn_normal_style    \"  target='_self'><span>B\u0151vebben<\/span><\/a>[\/vc_column][vc_column width=&#8221;1\/4&#8243;][vc_single_image alignment=&#8221;center&#8221; onclick=&#8221;custom_link&#8221; image=&#8221;25355&#8243; link=&#8221;https:\/\/medcity.hu\/webshop\/receptiras\/&#8221;]<h2 class=\"boc_heading  al_left   inherit_weight\"  style=\"color: #333;\" ><span>Recept\u00edr\u00e1s<\/span><\/h2>[vc_column_text]A m\u00e1r kor\u00e1bban fel\u00edrt gy\u00f3gyszereinek receptj\u00e9\u00e9rt nem kell t\u00f6bb\u00e9 szem\u00e9lyesen bef\u00e1radnia hozz\u00e1nk, \u00fcgy\u00e9t t\u00e1volr\u00f3l is int\u00e9zheti.[\/vc_column_text]<a\thref=\"https:\/\/medcity.hu\/webshop\/receptiras\/\"  \n\t\t\t\tclass=\"button btn_small btn_theme_color btn_rounded btn_normal_style    \"  target='_self'><span>B\u0151vebben<\/span><\/a>[\/vc_column][vc_column width=&#8221;1\/4&#8243;][vc_single_image alignment=&#8221;center&#8221; onclick=&#8221;custom_link&#8221; image=&#8221;25529&#8243; link=&#8221;https:\/\/medcity.hu\/webshop\/szurocsomagok\/&#8221;]<h2 class=\"boc_heading  al_left   inherit_weight\"  style=\"color: #333;\" ><span>Sz\u0171r\u0151csomagok<\/span><\/h2>[vc_column_text]V\u00e1lassza ki az \u00d6nnek megfelel\u0151\u00a0sz\u0171r\u0151csomagot\u00a0\u00e9s m\u00e9rje fel eg\u00e9szs\u00e9ge \u00e1llapot\u00e1t! Kedvezm\u00e9nyes \u00e1ron, sorban \u00e1ll\u00e1s n\u00e9lk\u00fcl, kiv\u00e1l\u00f3 szakemberekkel. Mindent egy helyen, k\u00e9nyelmesen.[\/vc_column_text]<a\thref=\"https:\/\/medcity.hu\/webshop\/szurocsomagok\/\"  \n\t\t\t\tclass=\"button btn_small btn_theme_color btn_rounded btn_normal_style    \"  target='_self'><span>B\u0151vebben<\/span><\/a>[\/vc_column][vc_column width=&#8221;1\/4&#8243;][vc_single_image alignment=&#8221;center&#8221; onclick=&#8221;custom_link&#8221; image=&#8221;25531&#8243; link=&#8221;https:\/\/medcity.hu\/webshop\/ajandekkartya\/&#8221;]<h2 class=\"boc_heading  al_left   inherit_weight\"  style=\"color: #333;\" ><span>Aj\u00e1nd\u00e9kk\u00e1rtya<\/span><\/h2>[vc_column_text]Seg\u00edtse szeretteit \u00d6n is az eg\u00e9szs\u00e9gmeg\u0151rz\u00e9sben, hiszen ez az egyik legfontosabb \u00e9rt\u00e9k\u00fcnk! Az \u00f6sszeget \u00d6n v\u00e1lasztja a szolg\u00e1ltat\u00e1st a megaj\u00e1nd\u00e9kozott szem\u00e9ly.[\/vc_column_text]<a\thref=\"https:\/\/medcity.hu\/webshop\/ajandekkartya\/\"  \n\t\t\t\tclass=\"button btn_small btn_theme_color btn_rounded btn_normal_style    \"  target='_self'><span>B\u0151vebben<\/span><\/a>[\/vc_column][\/vc_row][vc_row css=&#8221;.vc_custom_1623326473326{padding-top: 100px !important;}&#8221;][vc_column width=&#8221;1\/2&#8243;][vc_single_image image=&#8221;25362&#8243;][\/vc_column][vc_column width=&#8221;1\/2&#8243;]<div class=\"boc_spacing \" style=\"height: 30px\"><\/div><h2 class=\"boc_heading  al_left  text_30_on_mobile   regular_weight\"  style=\"margin-bottom: 10px;color: #333333;font-size: 40px;letter-spacing: -0.03em;line-height: 1.2em;\" ><span>MEDCITY Eg\u00e9szs\u00e9gk\u00f6zpont<\/span><\/h2><div class=\"boc_spacing \" style=\"height: 10px\"><\/div><div  class=\"boc_divider  \"  style=\"margin-top: 20px;margin-bottom: 20px;width: 100px;height: 2px;background: #9cc400;\"><\/div><div class=\"boc_spacing \" style=\"height: 15px\"><\/div>[vc_column_text css=&#8221;.vc_custom_1623325144852{padding-right: 20% !important;}&#8221;]<\/p>\n<p style=\"color: #777777;\"><span style=\"color: #000000;\">A MEDCITY Eg\u00e9szs\u00e9gk\u00f6zpont, a mag\u00e1n-eg\u00e9szs\u00e9g\u00fcgyi ell\u00e1t\u00e1s \u00e9vek \u00f3ta ismert szerepl\u0151je, ahol a legkeresettebb szakrendel\u00e9sek \u00e9s k\u00fcl\u00f6nb\u00f6z\u0151 diagnosztikai elj\u00e1r\u00e1sokat egy helyen k\u00edn\u00e1ljuk p\u00e1cienseink sz\u00e1m\u00e1ra.<\/span><\/p>\n<p>[\/vc_column_text]<a\thref=\"https:\/\/medcity.hu\"  \n\t\t\t\tclass=\"button btn_small btn_theme_color btn_rounded btn_normal_style    \"  target='_blank'><span>B\u0151vebben<\/span><\/a>[\/vc_column][\/vc_row][vc_row full_width=&#8221;stretch_row&#8221;][vc_column]<div id=\"img_gallery_2ab828692235eb942377bc3f031cabe8\" data-columns=\"5\" class=\"boc_image_gallery grid_holder  mfp_gallery  small_spacing\"><div class=\"col span_1_of_5  info_item isotope_element\">\n\t\t\t\t\t\t\t<div class=\"pic \">\t\t\t\n\t\t\t\t\t\t\t<a href=\"https:\/\/medcity.hu\/webshop\/wp-content\/uploads\/2021\/06\/mc-800x600.jpg\" class=\"mfp_popup_gal\" title=\"\">\n\t\t\t\t\t\t\t\t<img src=\"https:\/\/medcity.hu\/webshop\/wp-content\/uploads\/2021\/06\/mc-800x600.jpg\" alt=\"\" \/>\n\t\t\t\t\t\t\t\t\n\t\t\t\t\t\t\t<\/a>\t<\/div><\/div><div class=\"col span_1_of_5  info_item isotope_element\">\n\t\t\t\t\t\t\t<div class=\"pic \">\t\t\t\n\t\t\t\t\t\t\t<a href=\"https:\/\/medcity.hu\/webshop\/wp-content\/uploads\/2021\/06\/MedCity_0408-800x600.jpg\" class=\"mfp_popup_gal\" title=\"\">\n\t\t\t\t\t\t\t\t<img src=\"https:\/\/medcity.hu\/webshop\/wp-content\/uploads\/2021\/06\/MedCity_0408-800x600.jpg\" alt=\"\" \/>\n\t\t\t\t\t\t\t\t\n\t\t\t\t\t\t\t<\/a>\t<\/div><\/div><div class=\"col span_1_of_5  info_item isotope_element\">\n\t\t\t\t\t\t\t<div class=\"pic \">\t\t\t\n\t\t\t\t\t\t\t<a href=\"https:\/\/medcity.hu\/webshop\/wp-content\/uploads\/2021\/06\/MedCity_0517-800x600.jpg\" class=\"mfp_popup_gal\" title=\"\">\n\t\t\t\t\t\t\t\t<img src=\"https:\/\/medcity.hu\/webshop\/wp-content\/uploads\/2021\/06\/MedCity_0517-800x600.jpg\" alt=\"\" \/>\n\t\t\t\t\t\t\t\t\n\t\t\t\t\t\t\t<\/a>\t<\/div><\/div><div class=\"col span_1_of_5  info_item isotope_element\">\n\t\t\t\t\t\t\t<div class=\"pic \">\t\t\t\n\t\t\t\t\t\t\t<a href=\"https:\/\/medcity.hu\/webshop\/wp-content\/uploads\/2021\/06\/MedCity_0444-800x600.jpg\" class=\"mfp_popup_gal\" title=\"\">\n\t\t\t\t\t\t\t\t<img src=\"https:\/\/medcity.hu\/webshop\/wp-content\/uploads\/2021\/06\/MedCity_0444-800x600.jpg\" alt=\"\" \/>\n\t\t\t\t\t\t\t\t\n\t\t\t\t\t\t\t<\/a>\t<\/div><\/div><div class=\"col span_1_of_5  info_item isotope_element\">\n\t\t\t\t\t\t\t<div class=\"pic \">\t\t\t\n\t\t\t\t\t\t\t<a href=\"https:\/\/medcity.hu\/webshop\/wp-content\/uploads\/2021\/06\/MedCity_0473-800x600.jpg\" class=\"mfp_popup_gal\" title=\"\">\n\t\t\t\t\t\t\t\t<img src=\"https:\/\/medcity.hu\/webshop\/wp-content\/uploads\/2021\/06\/MedCity_0473-800x600.jpg\" alt=\"\" \/>\n\t\t\t\t\t\t\t\t\n\t\t\t\t\t\t\t<\/a>\t<\/div><\/div><\/div>[\/vc_column][\/vc_row][vc_row css=&#8221;.vc_custom_1623326483672{padding-top: 100px !important;}&#8221;][vc_column width=&#8221;1\/6&#8243; el_class=&#8221;center&#8221;][\/vc_column][vc_column width=&#8221;2\/3&#8243;]<div class=\"boc_spacing \" style=\"height: 50px\"><\/div><h2 class=\"boc_heading  center  text_30_on_mobile   regular_weight\"  style=\"margin-bottom: 10px;color: #333333;font-size: 40px;letter-spacing: -0.03em;line-height: 1.2em;\" ><span>H\u00edrek, \u00fajdons\u00e1gok<\/span><\/h2><div class=\"boc_spacing \" style=\"height: 10px\"><\/div><div  class=\"boc_divider  \"  style=\"margin-top: 20px;margin-bottom: 20px;width: 100px;margin-left: auto; margin-right: auto;height: 2px;background: #9cc400;\"><\/div><div class=\"boc_spacing \" style=\"height: 15px\"><\/div>[\/vc_column][vc_column width=&#8221;1\/6&#8243;][\/vc_column][\/vc_row][vc_row][vc_column]<div id = \"post_grid_43\" data-columns=\"2\" class=\"grid_holder  \"><div class=\"col span_1_of_2 info_item isotope_element\">\n\t\t\t\t\t\t\t<div class=\"post_item_block   boxed boxed_bordered\"><div class=\"pic \"><a href=\"https:\/\/medcity.hu\/webshop\/2021\/11\/22\/post-covid-tunetekrol\/\"><img src=\"https:\/\/medcity.hu\/webshop\/wp-content\/uploads\/2021\/11\/Covid-cikkhez-foto.jpg\"\/><div class=\"img_overlay\"><span class=\"hover_icon icon_plus\"><\/span><\/div><\/a><\/div><div class=\"post_item_desc\"><div class=\"post_block_post_meta  clearfix\"><span class=\"post_date\"><span class=\"blog_icon boc_i-clock-outline\"><\/span>2021-11-22<\/span><\/div><h4 class=\"dark_links\"><a href=\"https:\/\/medcity.hu\/webshop\/2021\/11\/22\/post-covid-tunetekrol\/\">Post-COVID t\u00fcnetekr\u0151l<\/a><\/h4><p>Mindannyiunkat nagyon megvisel a vil\u00e1gj\u00e1rv\u00e1ny. Szinte nincs olyan ember, akit ez hidegen hagyna, el\u0151bb vagy ut\u00f3bb mindenki szorong\u00e1ssal telve reag\u00e1l&hellip;<\/p><\/div>\n\t\t\t\t<\/div>\n\t\t\t\t<\/div><div class=\"col span_1_of_2 info_item isotope_element\">\n\t\t\t\t\t\t\t<div class=\"post_item_block   boxed boxed_bordered\"><div class=\"pic \"><a href=\"https:\/\/medcity.hu\/webshop\/2021\/11\/22\/home-office-es-az-aranyerbetegseg\/\"><img src=\"https:\/\/medcity.hu\/webshop\/wp-content\/uploads\/2021\/11\/Home-office.jpg\"\/><div class=\"img_overlay\"><span class=\"hover_icon icon_plus\"><\/span><\/div><\/a><\/div><div class=\"post_item_desc\"><div class=\"post_block_post_meta  clearfix\"><span class=\"post_date\"><span class=\"blog_icon boc_i-clock-outline\"><\/span>2021-11-22<\/span><\/div><h4 class=\"dark_links\"><a href=\"https:\/\/medcity.hu\/webshop\/2021\/11\/22\/home-office-es-az-aranyerbetegseg\/\">Home office \u00e9s az arany\u00e9rbetegs\u00e9g<\/a><\/h4><p>A pand\u00e9mia miatt sokan home office-b\u00f3l dolgoznak, ez\u00e9rt m\u00e9g t\u00f6bbet \u00fcl\u00fcnk a laptopunk, a telev\u00edzi\u00f3\u00a0el\u0151tt, vagy a gyerekkel egy\u00fctt tanulva&hellip;<\/p><\/div>\n\t\t\t\t<\/div>\n\t\t\t\t<\/div>\n\t\t\t<\/div>\n\t\t\t<div class=\"h10 clear\"><\/div>[\/vc_column][\/vc_row]<\/p>\n","protected":false},"excerpt":{"rendered":"<p>[vc_row full_width=&#8221;stretch_row&#8221; bg_type=&#8221;image&#8221; bg_image_new=&#8221;25342&#8243; css=&#8221;.vc_custom_1623324146533{padding-bottom: 50px !important;}&#8221;][vc_column width=&#8221;1\/4&#8243;][vc_single_image alignment=&#8221;center&#8221; onclick=&#8221;custom_link&#8221; image=&#8221;25411&#8243; link=&#8221;https:\/\/medcity.hu\/webshop\/telefonos-konzultacio\/&#8221;][vc_column_text]A telefonos orvosi konzult\u00e1ci\u00f3 lehet\u0151s\u00e9get ad arra, hogy P\u00e1cienseinknek t\u00e1volr\u00f3l is seg\u00edts\u00e9get tudjunk ny\u00fajtani.[\/vc_column_text][\/vc_column][vc_column width=&#8221;1\/4&#8243;][vc_single_image alignment=&#8221;center&#8221; onclick=&#8221;custom_link&#8221; image=&#8221;25355&#8243; link=&#8221;https:\/\/medcity.hu\/webshop\/receptiras\/&#8221;][vc_column_text]A m\u00e1r kor\u00e1bban fel\u00edrt gy\u00f3gyszereinek receptj\u00e9\u00e9rt nem kell t\u00f6bb\u00e9 szem\u00e9lyesen bef\u00e1radnia hozz\u00e1nk, \u00fcgy\u00e9t t\u00e1volr\u00f3l is int\u00e9zheti.[\/vc_column_text][\/vc_column][vc_column width=&#8221;1\/4&#8243;][vc_single_image alignment=&#8221;center&#8221; onclick=&#8221;custom_link&#8221; image=&#8221;25529&#8243; link=&#8221;https:\/\/medcity.hu\/webshop\/szurocsomagok\/&#8221;][vc_column_text]V\u00e1lassza ki az \u00d6nnek megfelel\u0151\u00a0sz\u0171r\u0151csomagot\u00a0\u00e9s m\u00e9rje&#8230;<\/p>\n","protected":false},"author":2,"featured_media":0,"parent":0,"menu_order":0,"comment_status":"closed","ping_status":"closed","template":"","meta":{"cybocfi_hide_featured_image":""},"_links":{"self":[{"href":"https:\/\/medcity.hu\/webshop\/wp-json\/wp\/v2\/pages\/25310"}],"collection":[{"href":"https:\/\/medcity.hu\/webshop\/wp-json\/wp\/v2\/pages"}],"about":[{"href":"https:\/\/medcity.hu\/webshop\/wp-json\/wp\/v2\/types\/page"}],"author":[{"embeddable":true,"href":"https:\/\/medcity.hu\/webshop\/wp-json\/wp\/v2\/users\/2"}],"replies":[{"embeddable":true,"href":"https:\/\/medcity.hu\/webshop\/wp-json\/wp\/v2\/comments?post=25310"}],"version-history":[{"count":38,"href":"https:\/\/medcity.hu\/webshop\/wp-json\/wp\/v2\/pages\/25310\/revisions"}],"predecessor-version":[{"id":25539,"href":"https:\/\/medcity.hu\/webshop\/wp-json\/wp\/v2\/pages\/25310\/revisions\/25539"}],"wp:attachment":[{"href":"https:\/\/medcity.hu\/webshop\/wp-json\/wp\/v2\/media?parent=25310"}],"curies":[{"name":"wp","href":"https:\/\/api.w.org\/{rel}","templated":true}]}}