{"id":24570,"date":"2020-04-01T13:09:36","date_gmt":"2020-04-01T13:09:36","guid":{"rendered":"https:\/\/medcity.hu\/?page_id=24570"},"modified":"2021-11-22T12:25:10","modified_gmt":"2021-11-22T12:25:10","slug":"kapcsolat","status":"publish","type":"page","link":"https:\/\/medcity.hu\/webshop\/kapcsolat\/","title":{"rendered":"Kapcsolat"},"content":{"rendered":"<p>[vc_row][vc_column width=&#8221;1\/2&#8243;][vc_column_text]<\/p>\n<div class=\"contactInfo\">\n<h2>MEDCITY Eg\u00e9szs\u00e9gk\u00f6zpont<\/h2>\n<p><strong>C\u00edm:<\/strong> 1044 Budapest, Megyeri \u00fat 53.<\/p>\n<p><strong>Nyitvatart\u00e1s:<\/strong><br \/>\nH-CS: 08:00-20:00<br \/>\nP: 08:00-15:00<\/p>\n<p><strong>Tel:<\/strong> +36 1 858-7021<br \/>\n<strong>Mobil:<\/strong> +36 30 635-3550<br \/>\n+36 30 477 8780<br \/>\n<strong>E-mail:<\/strong> info@medcity.hu<\/p>\n<\/div>\n<p>[\/vc_column_text][\/vc_column][vc_column width=&#8221;1\/2&#8243;][vc_gmaps link=&#8221;#E-8_JTNDaWZyYW1lJTIwc3JjJTNEJTIyaHR0cHMlM0ElMkYlMkZ3d3cuZ29vZ2xlLmNvbSUyRm1hcHMlMkZlbWJlZCUzRnBiJTNEJTIxMW0xOCUyMTFtMTIlMjExbTMlMjExZDI2OTAuOTY0ODQzMzY1NTg2NiUyMTJkMTkuMDk1MjQ3NDE2MDMyOTU0JTIxM2Q0Ny41ODc5MjU4NzkxODMzMyUyMTJtMyUyMTFmMCUyMTJmMCUyMTNmMCUyMTNtMiUyMTFpMTAyNCUyMTJpNzY4JTIxNGYxMy4xJTIxM20zJTIxMW0yJTIxMXMweDQ3NDFkYTA1ZTJkNzdhYzUlMjUzQTB4NmU0YzMwMmQyNWEzNTZhMCUyMTJ6VFVWRVEwbFVXU0JGWjhPcGMzcHp3NmxuYThPMmVuQnZiblElMjE1ZTAlMjEzbTIlMjExc2h1JTIxMnNodSUyMTR2MTU4NjYwMDY4MTU5OCUyMTVtMiUyMTFzaHUlMjEyc2h1JTIyJTIwd2lkdGglM0QlMjI2MDAlMjIlMjBoZWlnaHQlM0QlMjI0NTAlMjIlMjBmcmFtZWJvcmRlciUzRCUyMjAlMjIlMjBzdHlsZSUzRCUyMmJvcmRlciUzQTAlM0IlMjIlMjBhbGxvd2Z1bGxzY3JlZW4lM0QlMjIlMjIlMjBhcmlhLWhpZGRlbiUzRCUyMmZhbHNlJTIyJTIwdGFiaW5kZXglM0QlMjIwJTIyJTNFJTNDJTJGaWZyYW1lJTNF&#8221;][\/vc_column][\/vc_row]<\/p>\n","protected":false},"excerpt":{"rendered":"<p>[vc_row][vc_column width=&#8221;1\/2&#8243;][vc_column_text] MEDCITY Eg\u00e9szs\u00e9gk\u00f6zpont C\u00edm: 1044 Budapest, Megyeri \u00fat 53. Nyitvatart\u00e1s: H-CS: 08:00-20:00 P: 08:00-15:00 Tel: +36 1 858-7021 Mobil: +36 30 635-3550 +36 30 477 8780 E-mail: info@medcity.hu [\/vc_column_text][\/vc_column][vc_column width=&#8221;1\/2&#8243;][vc_gmaps link=&#8221;#E-8_JTNDaWZyYW1lJTIwc3JjJTNEJTIyaHR0cHMlM0ElMkYlMkZ3d3cuZ29vZ2xlLmNvbSUyRm1hcHMlMkZlbWJlZCUzRnBiJTNEJTIxMW0xOCUyMTFtMTIlMjExbTMlMjExZDI2OTAuOTY0ODQzMzY1NTg2NiUyMTJkMTkuMDk1MjQ3NDE2MDMyOTU0JTIxM2Q0Ny41ODc5MjU4NzkxODMzMyUyMTJtMyUyMTFmMCUyMTJmMCUyMTNmMCUyMTNtMiUyMTFpMTAyNCUyMTJpNzY4JTIxNGYxMy4xJTIxM20zJTIxMW0yJTIxMXMweDQ3NDFkYTA1ZTJkNzdhYzUlMjUzQTB4NmU0YzMwMmQyNWEzNTZhMCUyMTJ6VFVWRVEwbFVXU0JGWjhPcGMzcHp3NmxuYThPMmVuQnZiblElMjE1ZTAlMjEzbTIlMjExc2h1JTIxMnNodSUyMTR2MTU4NjYwMDY4MTU5OCUyMTVtMiUyMTFzaHUlMjEyc2h1JTIyJTIwd2lkdGglM0QlMjI2MDAlMjIlMjBoZWlnaHQlM0QlMjI0NTAlMjIlMjBmcmFtZWJvcmRlciUzRCUyMjAlMjIlMjBzdHlsZSUzRCUyMmJvcmRlciUzQTAlM0IlMjIlMjBhbGxvd2Z1bGxzY3JlZW4lM0QlMjIlMjIlMjBhcmlhLWhpZGRlbiUzRCUyMmZhbHNlJTIyJTIwdGFiaW5kZXglM0QlMjIwJTIyJTNFJTNDJTJGaWZyYW1lJTNF&#8221;][\/vc_column][\/vc_row]<\/p>\n","protected":false},"author":1,"featured_media":0,"parent":0,"menu_order":0,"comment_status":"closed","ping_status":"closed","template":"","meta":{"cybocfi_hide_featured_image":""},"_links":{"self":[{"href":"https:\/\/medcity.hu\/webshop\/wp-json\/wp\/v2\/pages\/24570"}],"collection":[{"href":"https:\/\/medcity.hu\/webshop\/wp-json\/wp\/v2\/pages"}],"about":[{"href":"https:\/\/medcity.hu\/webshop\/wp-json\/wp\/v2\/types\/page"}],"author":[{"embeddable":true,"href":"https:\/\/medcity.hu\/webshop\/wp-json\/wp\/v2\/users\/1"}],"replies":[{"embeddable":true,"href":"https:\/\/medcity.hu\/webshop\/wp-json\/wp\/v2\/comments?post=24570"}],"version-history":[{"count":21,"href":"https:\/\/medcity.hu\/webshop\/wp-json\/wp\/v2\/pages\/24570\/revisions"}],"predecessor-version":[{"id":25128,"href":"https:\/\/medcity.hu\/webshop\/wp-json\/wp\/v2\/pages\/24570\/revisions\/25128"}],"wp:attachment":[{"href":"https:\/\/medcity.hu\/webshop\/wp-json\/wp\/v2\/media?parent=24570"}],"curies":[{"name":"wp","href":"https:\/\/api.w.org\/{rel}","templated":true}]}}